{"id":1808,"date":"2020-10-15T23:32:18","date_gmt":"2020-10-15T21:32:18","guid":{"rendered":"https:\/\/labowtc.hungrynuggets.com\/?post_type=product&#038;p=1808"},"modified":"2020-10-15T23:33:35","modified_gmt":"2020-10-15T21:33:35","slug":"poudre-gelifiante-hy-1087","status":"publish","type":"product","link":"https:\/\/labowtc.be\/en\/accueil\/poudre-gelifiante-hy-1087\/","title":{"rendered":"Poudre g\u00e9lifiante (HY 1087)"},"content":{"rendered":"<div class=\"page\" title=\"Page 5\">\n<div class=\"section\">\n<div class=\"layoutArea\">\n<div class=\"column\">\n<p>La <strong>poudre g\u00e9lifiante permet une transformation en gel semi-solide de tous liquides<\/strong> aqueux tel(s) que : eau, vomissures, urines, d\u00e9jections, huiles, \u0153uf, confiture, sauces, jus de fruits, produits chimiques aqueux, peinture, mazout, etc&#8230;<\/p>\n<p>Super <strong>absorption jusqu\u2019\u00e0 50 fois son propre poids<\/strong> alors qu\u2019une serpilli\u00e8re n\u2019absorbe qu\u2019une fois et demi et les produits \u00e0 base de cellulose que deux fois et demi en moyenne.<\/p>\n<p>La poudre g\u00e9lifiante <strong>masque imm\u00e9diatement les odeurs d\u00e9sagr\u00e9ables<\/strong> en laissant un parfum de fra\u00eecheur.<\/p>\n<p>Pratique (en version boite poudreuse) et facile d\u2019emploi.<\/p>\n<p>Ne t\u00e2che pas, s\u2019emploie sur toutes surfaces.<\/p>\n<p>Prot\u00e8ge l\u2019environnement et les surfaces souill\u00e9es.<\/p>\n<figure id=\"attachment_1809\" aria-describedby=\"caption-attachment-1809\" style=\"width: 228px\" class=\"wp-caption alignnone\"><img decoding=\"async\" class=\"size-full wp-image-1809\" src=\"https:\/\/labowtc.hungrynuggets.com\/wp-content\/uploads\/2020\/10\/Capture-decran-2020-10-15-a-22.24.41.png\" alt=\"\" width=\"228\" height=\"90\" \/><figcaption id=\"caption-attachment-1809\" class=\"wp-caption-text\">HY 1087 POUDRE GELIFIANTE<\/figcaption><\/figure>\n<\/div>\n<\/div>\n<\/div>\n<\/div>\n","protected":false},"excerpt":{"rendered":"<p>Transforme les liquides en gel semi-liquide<\/p>\n","protected":false},"featured_media":1810,"template":"","meta":[],"product_cat":[102,58,110,104],"product_tag":[],"class_list":{"0":"post-1808","1":"product","2":"type-product","3":"status-publish","4":"has-post-thumbnail","6":"product_cat-horeca-cuisine","7":"product_cat-horeca","8":"product_cat-nettoyants-divers","9":"product_cat-horeca-sanitaires","11":"first","12":"instock","13":"shipping-taxable","14":"product-type-simple"},"_links":{"self":[{"href":"https:\/\/labowtc.be\/en\/wp-json\/wp\/v2\/product\/1808","targetHints":{"allow":["GET"]}}],"collection":[{"href":"https:\/\/labowtc.be\/en\/wp-json\/wp\/v2\/product"}],"about":[{"href":"https:\/\/labowtc.be\/en\/wp-json\/wp\/v2\/types\/product"}],"wp:featuredmedia":[{"embeddable":true,"href":"https:\/\/labowtc.be\/en\/wp-json\/wp\/v2\/media\/1810"}],"wp:attachment":[{"href":"https:\/\/labowtc.be\/en\/wp-json\/wp\/v2\/media?parent=1808"}],"wp:term":[{"taxonomy":"product_cat","embeddable":true,"href":"https:\/\/labowtc.be\/en\/wp-json\/wp\/v2\/product_cat?post=1808"},{"taxonomy":"product_tag","embeddable":true,"href":"https:\/\/labowtc.be\/en\/wp-json\/wp\/v2\/product_tag?post=1808"}],"curies":[{"name":"wp","href":"https:\/\/api.w.org\/{rel}","templated":true}]}}