{"id":1815,"date":"2020-10-15T23:58:52","date_gmt":"2020-10-15T21:58:52","guid":{"rendered":"https:\/\/labowtc.hungrynuggets.com\/?post_type=product&#038;p=1815"},"modified":"2020-10-15T23:58:52","modified_gmt":"2020-10-15T21:58:52","slug":"decapant-de-2041","status":"publish","type":"product","link":"https:\/\/labowtc.be\/en\/accueil\/decapant-de-2041\/","title":{"rendered":"D\u00e9capant (DE 2041)"},"content":{"rendered":"<div class=\"page\" title=\"Page 6\">\n<div class=\"section\">\n<div class=\"layoutArea\">\n<div class=\"column\">\n<div class=\"page\" title=\"Page 6\">\n<div class=\"section\">\n<div class=\"layoutArea\">\n<div class=\"column\">\n<p><strong>CONDITIONNEMENT :<\/strong><\/p>\n<p><strong>1L &#8211; 5L &#8211; 20L &#8211; 25L &#8211; 60L &#8211; 120L &#8211; 210L<\/strong><\/p>\n<\/div>\n<\/div>\n<\/div>\n<\/div>\n<p>Le DE 2041 est un <strong>d\u00e9capants des polish de sol ou \u00e9mulsions de cire et d\u00e9tergents alcalin polyvalents<\/strong>.<\/p>\n<p>La qualit\u00e9 est <strong>biod\u00e9gradable<\/strong> et <strong>convient sur diff\u00e9rentes surfaces<\/strong> telles que thermoplastiques, carrelages, pierre, PVC, caoutchouc, ciment, etc&#8230;<\/p>\n<p><strong>Action \u00e9lev\u00e9e<\/strong> sur les films de r\u00e9sines \/ polym\u00e8res acryliques ou cires, type \u00e9mulsion de cire m\u00e9tallis\u00e9e sur sols.<\/p>\n<p>Ce d\u00e9capant <strong>\u00e9limine la plupart des polishes existants<\/strong>.<\/p>\n<p><img decoding=\"async\" class=\"alignnone size-medium wp-image-1816\" src=\"https:\/\/labowtc.hungrynuggets.com\/wp-content\/uploads\/2020\/10\/Capture-decran-2020-10-15-a-22.47.03-300x71.png\" alt=\"\" width=\"300\" height=\"71\" \/><\/p>\n<\/div>\n<\/div>\n<\/div>\n<\/div>\n","protected":false},"excerpt":{"rendered":"<div class=\"page\" title=\"Page 6\">\n<div class=\"section\">\n<div class=\"layoutArea\">\n<div class=\"column\">\n<p>D\u00e9capant cire alcalin 2 en 1<\/p>\n<\/div>\n<\/div>\n<\/div>\n<\/div>\n","protected":false},"featured_media":1817,"template":"","meta":[],"product_cat":[102,255,58,244,110],"product_tag":[],"class_list":{"0":"post-1815","1":"product","2":"type-product","3":"status-publish","4":"has-post-thumbnail","6":"product_cat-horeca-cuisine","7":"product_cat-gamme-cuisines-et-collectivites","8":"product_cat-horeca","9":"product_cat-les-differentes-gammes","10":"product_cat-nettoyants-divers","12":"first","13":"instock","14":"shipping-taxable","15":"product-type-simple"},"_links":{"self":[{"href":"https:\/\/labowtc.be\/en\/wp-json\/wp\/v2\/product\/1815","targetHints":{"allow":["GET"]}}],"collection":[{"href":"https:\/\/labowtc.be\/en\/wp-json\/wp\/v2\/product"}],"about":[{"href":"https:\/\/labowtc.be\/en\/wp-json\/wp\/v2\/types\/product"}],"wp:featuredmedia":[{"embeddable":true,"href":"https:\/\/labowtc.be\/en\/wp-json\/wp\/v2\/media\/1817"}],"wp:attachment":[{"href":"https:\/\/labowtc.be\/en\/wp-json\/wp\/v2\/media?parent=1815"}],"wp:term":[{"taxonomy":"product_cat","embeddable":true,"href":"https:\/\/labowtc.be\/en\/wp-json\/wp\/v2\/product_cat?post=1815"},{"taxonomy":"product_tag","embeddable":true,"href":"https:\/\/labowtc.be\/en\/wp-json\/wp\/v2\/product_tag?post=1815"}],"curies":[{"name":"wp","href":"https:\/\/api.w.org\/{rel}","templated":true}]}}