{"id":194,"date":"2020-08-06T12:02:33","date_gmt":"2020-08-06T10:02:33","guid":{"rendered":"https:\/\/labowtc.hungrynuggets.com\/?post_type=product&#038;p=194"},"modified":"2020-10-01T13:52:39","modified_gmt":"2020-10-01T11:52:39","slug":"de-2002-screenwash","status":"publish","type":"product","link":"https:\/\/labowtc.be\/en\/accueil\/de-2002-screenwash\/","title":{"rendered":"Screenwash &#8211; d\u00e9givrant instantan\u00e9"},"content":{"rendered":"<p><strong>CONDITIONNEMENT :<\/strong><br \/>\n<strong>1L &#8211; 5L &#8211; 25L &#8211; 30L &#8211; 60L &#8211; 210L &#8211; 1000L<\/strong><\/p>\n<p>Action d\u00e9givrante instantan\u00e9e. SCREENWASH est un produit tr\u00e8s actif qui ne demande g\u00e9n\u00e9ralement pas l\u2019aide d&#8217;un grattoir. Il s&#8217;\u00e9limine \u00e0 l&#8217;eau, supprime l&#8217;utilisation de l&#8217;eau chaude qui peut faire \u00e9clater le pare-brise. Correctement trait\u00e9, le pare-brise ne regivre pas au roulage. SCREENWASH est non corrosif pour les caoutchoucs et peintures.<\/p>\n<p><strong><a href=\"https:\/\/labowtc.hungrynuggets.com\/wp-content\/uploads\/woocommerce_uploads\/2020\/08\/Complex-Machine-fngq3h.pdf\" target=\"_blank\" rel=\"noopener noreferrer\">T\u00e9l\u00e9charger la fiche technique<\/a><\/strong><\/p>\n<p>&nbsp;<\/p>\n","protected":false},"excerpt":{"rendered":"<p>Action d\u00e9givrante instantan\u00e9e<\/p>\n","protected":false},"featured_media":229,"template":"","meta":[],"product_cat":[22],"product_tag":[],"class_list":{"0":"post-194","1":"product","2":"type-product","3":"status-publish","4":"has-post-thumbnail","6":"product_cat-automobile-transports","8":"first","9":"instock","10":"shipping-taxable","11":"product-type-simple"},"_links":{"self":[{"href":"https:\/\/labowtc.be\/en\/wp-json\/wp\/v2\/product\/194","targetHints":{"allow":["GET"]}}],"collection":[{"href":"https:\/\/labowtc.be\/en\/wp-json\/wp\/v2\/product"}],"about":[{"href":"https:\/\/labowtc.be\/en\/wp-json\/wp\/v2\/types\/product"}],"wp:featuredmedia":[{"embeddable":true,"href":"https:\/\/labowtc.be\/en\/wp-json\/wp\/v2\/media\/229"}],"wp:attachment":[{"href":"https:\/\/labowtc.be\/en\/wp-json\/wp\/v2\/media?parent=194"}],"wp:term":[{"taxonomy":"product_cat","embeddable":true,"href":"https:\/\/labowtc.be\/en\/wp-json\/wp\/v2\/product_cat?post=194"},{"taxonomy":"product_tag","embeddable":true,"href":"https:\/\/labowtc.be\/en\/wp-json\/wp\/v2\/product_tag?post=194"}],"curies":[{"name":"wp","href":"https:\/\/api.w.org\/{rel}","templated":true}]}}