{"id":1301,"date":"2020-10-01T13:31:10","date_gmt":"2020-10-01T11:31:10","guid":{"rendered":"https:\/\/labowtc.hungrynuggets.com\/?post_type=product&#038;p=1301"},"modified":"2020-10-01T13:41:55","modified_gmt":"2020-10-01T11:41:55","slug":"savon-microbille-enrichi-a-laloe-vera","status":"publish","type":"product","link":"https:\/\/labowtc.be\/nl\/accueil\/savon-microbille-enrichi-a-laloe-vera\/","title":{"rendered":"Savon microbille enrichi \u00e0 l&#8217;alo\u00e9 vera"},"content":{"rendered":"<p><strong>CONDITIONNEMENT :<\/strong><\/p>\n<p><strong>100ML &#8211; 500ML &#8211; 1L &#8211; 3L &#8211; 10L<\/strong><\/p>\n<p>Le savon main microbille enrichi \u00e0 l&#8217;alo\u00e9 vera est particuli\u00e8rement actif pour <strong>nettoyer les mains<\/strong> souill\u00e9es par le cambouis, les graisses, goudron, peinture fra\u00eeche, poussi\u00e8res de freins, etc.<\/p>\n<p>Il lavera les mains particuli\u00e8rement sale en douceur, gr\u00e2ce \u00e0 l\u2019<strong>absence totale de solvant et d\u2019un pH proche de la neutralit\u00e9<\/strong> font que ce savon respecte l\u2019\u00e9quilibre fragile de l\u2019\u00e9piderme et peut \u00eatre utilis\u00e9 plusieurs fois dans la journ\u00e9e. Il est agr\u00e9ablement parfum\u00e9 \u00e0 l\u2019orange.<\/p>\n<p><strong><a href=\"https:\/\/labowtc.hungrynuggets.com\/wp-content\/uploads\/woocommerce_uploads\/2020\/08\/Complex-Machine-fngq3h.pdf\" target=\"_blank\" rel=\"noopener noreferrer\">T\u00e9l\u00e9charger la fiche technique<\/a><\/strong><\/p>\n<p><strong><a href=\"file:\/\/\/Volumes\/Backup%20Plus\/Labo%20WTC\/3.%20Fiches%20de%20s\u00e9curit\u00e9\/HY1081\/HY1081-FT-FR.pdf\">T\u00e9l\u00e9charger la fiche de s\u00e9curit\u00e9<\/a><\/strong><\/p>\n<p>&nbsp;<\/p>\n","protected":false},"excerpt":{"rendered":"<p>HY 1081<\/p>\n<p>Savon microbille \u00e0 l&#8217;alo\u00e9 vera<\/p>\n","protected":false},"featured_media":1326,"template":"","meta":[],"product_cat":[58,101,107],"product_tag":[],"class_list":{"0":"post-1301","1":"product","2":"type-product","3":"status-publish","4":"has-post-thumbnail","6":"product_cat-horeca","7":"product_cat-horeca-hygiene-des-mains","8":"product_cat-savons-mains","10":"first","11":"instock","12":"shipping-taxable","13":"product-type-simple"},"_links":{"self":[{"href":"https:\/\/labowtc.be\/nl\/wp-json\/wp\/v2\/product\/1301","targetHints":{"allow":["GET"]}}],"collection":[{"href":"https:\/\/labowtc.be\/nl\/wp-json\/wp\/v2\/product"}],"about":[{"href":"https:\/\/labowtc.be\/nl\/wp-json\/wp\/v2\/types\/product"}],"wp:featuredmedia":[{"embeddable":true,"href":"https:\/\/labowtc.be\/nl\/wp-json\/wp\/v2\/media\/1326"}],"wp:attachment":[{"href":"https:\/\/labowtc.be\/nl\/wp-json\/wp\/v2\/media?parent=1301"}],"wp:term":[{"taxonomy":"product_cat","embeddable":true,"href":"https:\/\/labowtc.be\/nl\/wp-json\/wp\/v2\/product_cat?post=1301"},{"taxonomy":"product_tag","embeddable":true,"href":"https:\/\/labowtc.be\/nl\/wp-json\/wp\/v2\/product_tag?post=1301"}],"curies":[{"name":"wp","href":"https:\/\/api.w.org\/{rel}","templated":true}]}}