{"id":1562,"date":"2020-10-14T00:26:11","date_gmt":"2020-10-13T22:26:11","guid":{"rendered":"https:\/\/labowtc.hungrynuggets.com\/?post_type=product&#038;p=1562"},"modified":"2020-10-14T00:28:09","modified_gmt":"2020-10-13T22:28:09","slug":"washgreen-de-2816","status":"publish","type":"product","link":"https:\/\/labowtc.be\/nl\/accueil\/washgreen-de-2816\/","title":{"rendered":"Washgreen (DE 2816)"},"content":{"rendered":"<div class=\"page\" title=\"Page 4\">\n<div class=\"section\">\n<div class=\"layoutArea\">\n<div class=\"column\">\n<div class=\"page\" title=\"Page 4\">\n<div class=\"section\">\n<div class=\"layoutArea\">\n<div class=\"column\">\n<p><strong>CONDITIONNEMENT :<\/strong><\/p>\n<p><strong>1L &#8211; 5L &#8211; 10L<\/strong><\/p>\n<\/div>\n<\/div>\n<\/div>\n<\/div>\n<p>Le <strong>Washgreen<\/strong> est une formule avanc\u00e9e pour le <strong>nettoyage manuel<\/strong> de la vaisselle.<\/p>\n<p>Washgreen poss\u00e8de un <strong>haut pouvoir moussant<\/strong> associ\u00e9 avec un pouvoir de nettoyage sup\u00e9rieur qui <strong>p\u00e9n\u00e8tre, absorbe et d\u00e9colle les graisses carbonis\u00e9es, crasses et salet\u00e9s et autres taches difficiles<\/strong>.<\/p>\n<p>Instantan\u00e9ment, il <strong>donne une mousse en eau chaude ou froide, dure ou douce<\/strong>.<\/p>\n<p>Argenterie, verrerie, porcelaine de chine, ustensiles de cuisson sont lav\u00e9s sans demander un frottement \u00e9lev\u00e9 ou un r\u00e9curage. Apr\u00e8s rin\u00e7age toutes les pi\u00e8ces ont un aspect \u00e9clatant parce qu\u2019elles sont r\u00e9ellement propres. Syst\u00e8me de dilution.<\/p>\n<p>Il existe \u00e9galement le DE 2816C aromatis\u00e9 au citron.<\/p>\n<p><img decoding=\"async\" class=\"alignnone wp-image-1563\" src=\"https:\/\/labowtc.hungrynuggets.com\/wp-content\/uploads\/2020\/10\/Capture-decran-2020-10-13-a-23.20.50-300x55.png\" alt=\"\" width=\"344\" height=\"63\" \/><\/p>\n<\/div>\n<\/div>\n<\/div>\n<\/div>\n","protected":false},"excerpt":{"rendered":"<p>Nettoyant pour vaisselle \u00e0 la main<\/p>\n","protected":false},"featured_media":1569,"template":"","meta":[],"product_cat":[58,103,113,114],"product_tag":[],"class_list":{"0":"post-1562","1":"product","2":"type-product","3":"status-publish","4":"has-post-thumbnail","6":"product_cat-horeca","7":"product_cat-horeca-lave-vaisselle","8":"product_cat-nettoyant-verres","9":"product_cat-produit-pour-la-plonge","11":"first","12":"instock","13":"shipping-taxable","14":"product-type-simple"},"_links":{"self":[{"href":"https:\/\/labowtc.be\/nl\/wp-json\/wp\/v2\/product\/1562","targetHints":{"allow":["GET"]}}],"collection":[{"href":"https:\/\/labowtc.be\/nl\/wp-json\/wp\/v2\/product"}],"about":[{"href":"https:\/\/labowtc.be\/nl\/wp-json\/wp\/v2\/types\/product"}],"wp:featuredmedia":[{"embeddable":true,"href":"https:\/\/labowtc.be\/nl\/wp-json\/wp\/v2\/media\/1569"}],"wp:attachment":[{"href":"https:\/\/labowtc.be\/nl\/wp-json\/wp\/v2\/media?parent=1562"}],"wp:term":[{"taxonomy":"product_cat","embeddable":true,"href":"https:\/\/labowtc.be\/nl\/wp-json\/wp\/v2\/product_cat?post=1562"},{"taxonomy":"product_tag","embeddable":true,"href":"https:\/\/labowtc.be\/nl\/wp-json\/wp\/v2\/product_tag?post=1562"}],"curies":[{"name":"wp","href":"https:\/\/api.w.org\/{rel}","templated":true}]}}