{"id":1572,"date":"2020-10-14T00:40:43","date_gmt":"2020-10-13T22:40:43","guid":{"rendered":"https:\/\/labowtc.hungrynuggets.com\/?post_type=product&#038;p=1572"},"modified":"2020-10-15T22:59:49","modified_gmt":"2020-10-15T20:59:49","slug":"washpink-de-2516","status":"publish","type":"product","link":"https:\/\/labowtc.be\/nl\/accueil\/washpink-de-2516\/","title":{"rendered":"Washpink (DE 2516)"},"content":{"rendered":"<div class=\"page\" title=\"Page 4\">\n<div class=\"section\">\n<div class=\"layoutArea\">\n<div class=\"column\">\n<div class=\"page\" title=\"Page 4\">\n<div class=\"section\">\n<div class=\"layoutArea\">\n<div class=\"column\">\n<p><strong>CONDITIONNEMENT :<\/strong><\/p>\n<p><strong>500ML &#8211; 1L &#8211; 5L &#8211; 10L &#8211; 20L<\/strong><\/p>\n<\/div>\n<\/div>\n<\/div>\n<\/div>\n<p>Washpink est une <strong>formule avanc\u00e9e pour le nettoyage manuel<\/strong> de la vaisselle.<\/p>\n<p>Washpink poss\u00e8de un <strong>haut pouvoir moussant<\/strong> associ\u00e9 avec un <strong>pouvoir de nettoyage sup\u00e9rieur<\/strong> qui p\u00e9n\u00e8tre, absorbe et d\u00e9colle les graisses carbonis\u00e9es, crasses et salet\u00e9s et autres taches difficiles.<\/p>\n<p>Instantan\u00e9ment, il <strong>donne une mousse en eau chaude ou froide, dure ou douce<\/strong>. Argenterie, verrerie, porcelaine de chine, ustensiles de cuisson sont lav\u00e9s sans demander un frottement \u00e9lev\u00e9 ou un r\u00e9curage.<\/p>\n<p>C\u2019est un produit doux pour les mains. Syst\u00e8me de dilution.<\/p>\n<p><img decoding=\"async\" class=\"alignnone size-medium wp-image-1573\" src=\"https:\/\/labowtc.hungrynuggets.com\/wp-content\/uploads\/2020\/10\/Capture-decran-2020-10-13-a-23.39.32-300x63.png\" alt=\"\" width=\"300\" height=\"63\" \/><\/p>\n<\/div>\n<\/div>\n<\/div>\n<\/div>\n","protected":false},"excerpt":{"rendered":"<p>Nettoyant vaisselle manuel<\/p>\n","protected":false},"featured_media":1565,"template":"","meta":[],"product_cat":[58,103,111,114],"product_tag":[],"class_list":{"0":"post-1572","1":"product","2":"type-product","3":"status-publish","4":"has-post-thumbnail","6":"product_cat-horeca","7":"product_cat-horeca-lave-vaisselle","8":"product_cat-nettoyant-liquide-lave-vaisselle","9":"product_cat-produit-pour-la-plonge","11":"first","12":"instock","13":"shipping-taxable","14":"product-type-simple"},"_links":{"self":[{"href":"https:\/\/labowtc.be\/nl\/wp-json\/wp\/v2\/product\/1572","targetHints":{"allow":["GET"]}}],"collection":[{"href":"https:\/\/labowtc.be\/nl\/wp-json\/wp\/v2\/product"}],"about":[{"href":"https:\/\/labowtc.be\/nl\/wp-json\/wp\/v2\/types\/product"}],"wp:featuredmedia":[{"embeddable":true,"href":"https:\/\/labowtc.be\/nl\/wp-json\/wp\/v2\/media\/1565"}],"wp:attachment":[{"href":"https:\/\/labowtc.be\/nl\/wp-json\/wp\/v2\/media?parent=1572"}],"wp:term":[{"taxonomy":"product_cat","embeddable":true,"href":"https:\/\/labowtc.be\/nl\/wp-json\/wp\/v2\/product_cat?post=1572"},{"taxonomy":"product_tag","embeddable":true,"href":"https:\/\/labowtc.be\/nl\/wp-json\/wp\/v2\/product_tag?post=1572"}],"curies":[{"name":"wp","href":"https:\/\/api.w.org\/{rel}","templated":true}]}}